{"id":9041,"date":"2025-07-01T10:40:51","date_gmt":"2025-07-01T08:40:51","guid":{"rendered":"https:\/\/esmach-test.derbau.com\/?page_id=9041"},"modified":"2025-07-29T09:49:53","modified_gmt":"2025-07-29T07:49:53","slug":"esmach-eva-lab","status":"publish","type":"page","link":"https:\/\/www.esmach.com\/it\/soluzioni-esmachlab\/esmach-eva-lab\/","title":{"rendered":"Esmach EVA Lab"},"content":{"rendered":"<p>Un&#8217;intera gamma di attrezzature dedicate ai mondi Gluten Free, Free From, High Protein e Low Carb \u2026ma non solo.<br \/>\nOsservando l&#8217;aumento di intolleranze alimentari, il sempre pi\u00f9 frequente utilizzo di alimenti salutisti e partendo dal concetto di Vita di ci\u00f2 che \u00e8 origine e Madre, nasce Eva.<\/p>\n","protected":false},"excerpt":{"rendered":"<p>Un&#8217;intera gamma di attrezzature dedicate ai mondi Gluten Free, Free From, High Protein e Low Carb \u2026ma non solo. Osservando l&#8217;aumento di intolleranze alimentari, il sempre pi\u00f9 frequente utilizzo di alimenti salutisti e partendo dal concetto di Vita di ci\u00f2 che \u00e8 origine e Madre, nasce Eva.<\/p>\n","protected":false},"author":1,"featured_media":9149,"parent":5962,"menu_order":8,"comment_status":"closed","ping_status":"closed","template":"page-esmachlab_eva.php","meta":{"_acf_changed":false,"inline_featured_image":false,"footnotes":""},"class_list":["post-9041","page","type-page","status-publish","has-post-thumbnail","hentry"],"acf":[],"yoast_head":"<!-- This site is optimized with the Yoast SEO Premium plugin v23.4 (Yoast SEO v27.3) - https:\/\/yoast.com\/product\/yoast-seo-premium-wordpress\/ -->\n<title>Esmach EVA Lab - Esmach<\/title>\n<meta name=\"robots\" content=\"index, follow, max-snippet:-1, max-image-preview:large, max-video-preview:-1\" \/>\n<link rel=\"canonical\" href=\"https:\/\/www.esmach.com\/it\/soluzioni-esmachlab\/esmach-eva-lab\/\" \/>\n<meta property=\"og:locale\" content=\"it_IT\" \/>\n<meta property=\"og:type\" content=\"article\" \/>\n<meta property=\"og:title\" content=\"Esmach EVA Lab\" \/>\n<meta property=\"og:description\" content=\"Un&#8217;intera gamma di attrezzature dedicate ai mondi Gluten Free, Free From, High Protein e Low Carb \u2026ma non solo. Osservando l&#8217;aumento di intolleranze alimentari, il sempre pi\u00f9 frequente utilizzo di alimenti salutisti e partendo dal concetto di Vita di ci\u00f2 che \u00e8 origine e Madre, nasce Eva.\" \/>\n<meta property=\"og:url\" content=\"https:\/\/www.esmach.com\/it\/soluzioni-esmachlab\/esmach-eva-lab\/\" \/>\n<meta property=\"og:site_name\" content=\"Esmach\" \/>\n<meta property=\"article:modified_time\" content=\"2025-07-29T07:49:53+00:00\" \/>\n<meta property=\"og:image\" content=\"https:\/\/www.esmach.com\/wp-content\/uploads\/gluten-free-esmach-evalab-2-1-scaled.jpg\" \/>\n\t<meta property=\"og:image:width\" content=\"2560\" \/>\n\t<meta property=\"og:image:height\" content=\"1239\" \/>\n\t<meta property=\"og:image:type\" content=\"image\/jpeg\" \/>\n<meta name=\"twitter:card\" content=\"summary_large_image\" \/>\n<meta name=\"twitter:label1\" content=\"Tempo di lettura stimato\" \/>\n\t<meta name=\"twitter:data1\" content=\"2 minuti\" \/>\n<script type=\"application\/ld+json\" class=\"yoast-schema-graph\">{\"@context\":\"https:\\\/\\\/schema.org\",\"@graph\":[{\"@type\":\"WebPage\",\"@id\":\"https:\\\/\\\/www.esmach.com\\\/it\\\/soluzioni-esmachlab\\\/esmach-eva-lab\\\/\",\"url\":\"https:\\\/\\\/www.esmach.com\\\/it\\\/soluzioni-esmachlab\\\/esmach-eva-lab\\\/\",\"name\":\"Esmach EVA Lab - Esmach\",\"isPartOf\":{\"@id\":\"https:\\\/\\\/www.esmach.com\\\/it\\\/#website\"},\"primaryImageOfPage\":{\"@id\":\"https:\\\/\\\/www.esmach.com\\\/it\\\/soluzioni-esmachlab\\\/esmach-eva-lab\\\/#primaryimage\"},\"image\":{\"@id\":\"https:\\\/\\\/www.esmach.com\\\/it\\\/soluzioni-esmachlab\\\/esmach-eva-lab\\\/#primaryimage\"},\"thumbnailUrl\":\"https:\\\/\\\/www.esmach.com\\\/wp-content\\\/uploads\\\/gluten-free-esmach-evalab-2-1-scaled.jpg\",\"datePublished\":\"2025-07-01T08:40:51+00:00\",\"dateModified\":\"2025-07-29T07:49:53+00:00\",\"breadcrumb\":{\"@id\":\"https:\\\/\\\/www.esmach.com\\\/it\\\/soluzioni-esmachlab\\\/esmach-eva-lab\\\/#breadcrumb\"},\"inLanguage\":\"it-IT\",\"potentialAction\":[{\"@type\":\"ReadAction\",\"target\":[\"https:\\\/\\\/www.esmach.com\\\/it\\\/soluzioni-esmachlab\\\/esmach-eva-lab\\\/\"]}]},{\"@type\":\"ImageObject\",\"inLanguage\":\"it-IT\",\"@id\":\"https:\\\/\\\/www.esmach.com\\\/it\\\/soluzioni-esmachlab\\\/esmach-eva-lab\\\/#primaryimage\",\"url\":\"https:\\\/\\\/www.esmach.com\\\/wp-content\\\/uploads\\\/gluten-free-esmach-evalab-2-1-scaled.jpg\",\"contentUrl\":\"https:\\\/\\\/www.esmach.com\\\/wp-content\\\/uploads\\\/gluten-free-esmach-evalab-2-1-scaled.jpg\",\"width\":2560,\"height\":1239},{\"@type\":\"BreadcrumbList\",\"@id\":\"https:\\\/\\\/www.esmach.com\\\/it\\\/soluzioni-esmachlab\\\/esmach-eva-lab\\\/#breadcrumb\",\"itemListElement\":[{\"@type\":\"ListItem\",\"position\":1,\"name\":\"Home\",\"item\":\"https:\\\/\\\/www.esmach.com\\\/it\\\/\"},{\"@type\":\"ListItem\",\"position\":2,\"name\":\"Soluzioni EsmachLab\",\"item\":\"https:\\\/\\\/www.esmach.com\\\/it\\\/soluzioni-esmachlab\\\/\"},{\"@type\":\"ListItem\",\"position\":3,\"name\":\"Esmach EVA Lab\"}]},{\"@type\":\"WebSite\",\"@id\":\"https:\\\/\\\/www.esmach.com\\\/it\\\/#website\",\"url\":\"https:\\\/\\\/www.esmach.com\\\/it\\\/\",\"name\":\"Esmach\",\"description\":\"\",\"potentialAction\":[{\"@type\":\"SearchAction\",\"target\":{\"@type\":\"EntryPoint\",\"urlTemplate\":\"https:\\\/\\\/www.esmach.com\\\/it\\\/?s={search_term_string}\"},\"query-input\":{\"@type\":\"PropertyValueSpecification\",\"valueRequired\":true,\"valueName\":\"search_term_string\"}}],\"inLanguage\":\"it-IT\"}]}<\/script>\n<!-- \/ Yoast SEO Premium plugin. -->","yoast_head_json":{"title":"Esmach EVA Lab - Esmach","robots":{"index":"index","follow":"follow","max-snippet":"max-snippet:-1","max-image-preview":"max-image-preview:large","max-video-preview":"max-video-preview:-1"},"canonical":"https:\/\/www.esmach.com\/it\/soluzioni-esmachlab\/esmach-eva-lab\/","og_locale":"it_IT","og_type":"article","og_title":"Esmach EVA Lab","og_description":"Un&#8217;intera gamma di attrezzature dedicate ai mondi Gluten Free, Free From, High Protein e Low Carb \u2026ma non solo. Osservando l&#8217;aumento di intolleranze alimentari, il sempre pi\u00f9 frequente utilizzo di alimenti salutisti e partendo dal concetto di Vita di ci\u00f2 che \u00e8 origine e Madre, nasce Eva.","og_url":"https:\/\/www.esmach.com\/it\/soluzioni-esmachlab\/esmach-eva-lab\/","og_site_name":"Esmach","article_modified_time":"2025-07-29T07:49:53+00:00","og_image":[{"width":2560,"height":1239,"url":"https:\/\/www.esmach.com\/wp-content\/uploads\/gluten-free-esmach-evalab-2-1-scaled.jpg","type":"image\/jpeg"}],"twitter_card":"summary_large_image","twitter_misc":{"Tempo di lettura stimato":"2 minuti"},"schema":{"@context":"https:\/\/schema.org","@graph":[{"@type":"WebPage","@id":"https:\/\/www.esmach.com\/it\/soluzioni-esmachlab\/esmach-eva-lab\/","url":"https:\/\/www.esmach.com\/it\/soluzioni-esmachlab\/esmach-eva-lab\/","name":"Esmach EVA Lab - Esmach","isPartOf":{"@id":"https:\/\/www.esmach.com\/it\/#website"},"primaryImageOfPage":{"@id":"https:\/\/www.esmach.com\/it\/soluzioni-esmachlab\/esmach-eva-lab\/#primaryimage"},"image":{"@id":"https:\/\/www.esmach.com\/it\/soluzioni-esmachlab\/esmach-eva-lab\/#primaryimage"},"thumbnailUrl":"https:\/\/www.esmach.com\/wp-content\/uploads\/gluten-free-esmach-evalab-2-1-scaled.jpg","datePublished":"2025-07-01T08:40:51+00:00","dateModified":"2025-07-29T07:49:53+00:00","breadcrumb":{"@id":"https:\/\/www.esmach.com\/it\/soluzioni-esmachlab\/esmach-eva-lab\/#breadcrumb"},"inLanguage":"it-IT","potentialAction":[{"@type":"ReadAction","target":["https:\/\/www.esmach.com\/it\/soluzioni-esmachlab\/esmach-eva-lab\/"]}]},{"@type":"ImageObject","inLanguage":"it-IT","@id":"https:\/\/www.esmach.com\/it\/soluzioni-esmachlab\/esmach-eva-lab\/#primaryimage","url":"https:\/\/www.esmach.com\/wp-content\/uploads\/gluten-free-esmach-evalab-2-1-scaled.jpg","contentUrl":"https:\/\/www.esmach.com\/wp-content\/uploads\/gluten-free-esmach-evalab-2-1-scaled.jpg","width":2560,"height":1239},{"@type":"BreadcrumbList","@id":"https:\/\/www.esmach.com\/it\/soluzioni-esmachlab\/esmach-eva-lab\/#breadcrumb","itemListElement":[{"@type":"ListItem","position":1,"name":"Home","item":"https:\/\/www.esmach.com\/it\/"},{"@type":"ListItem","position":2,"name":"Soluzioni EsmachLab","item":"https:\/\/www.esmach.com\/it\/soluzioni-esmachlab\/"},{"@type":"ListItem","position":3,"name":"Esmach EVA Lab"}]},{"@type":"WebSite","@id":"https:\/\/www.esmach.com\/it\/#website","url":"https:\/\/www.esmach.com\/it\/","name":"Esmach","description":"","potentialAction":[{"@type":"SearchAction","target":{"@type":"EntryPoint","urlTemplate":"https:\/\/www.esmach.com\/it\/?s={search_term_string}"},"query-input":{"@type":"PropertyValueSpecification","valueRequired":true,"valueName":"search_term_string"}}],"inLanguage":"it-IT"}]}},"_links":{"self":[{"href":"https:\/\/www.esmach.com\/it\/wp-json\/wp\/v2\/pages\/9041","targetHints":{"allow":["GET"]}}],"collection":[{"href":"https:\/\/www.esmach.com\/it\/wp-json\/wp\/v2\/pages"}],"about":[{"href":"https:\/\/www.esmach.com\/it\/wp-json\/wp\/v2\/types\/page"}],"author":[{"embeddable":true,"href":"https:\/\/www.esmach.com\/it\/wp-json\/wp\/v2\/users\/1"}],"replies":[{"embeddable":true,"href":"https:\/\/www.esmach.com\/it\/wp-json\/wp\/v2\/comments?post=9041"}],"version-history":[{"count":12,"href":"https:\/\/www.esmach.com\/it\/wp-json\/wp\/v2\/pages\/9041\/revisions"}],"predecessor-version":[{"id":9339,"href":"https:\/\/www.esmach.com\/it\/wp-json\/wp\/v2\/pages\/9041\/revisions\/9339"}],"up":[{"embeddable":true,"href":"https:\/\/www.esmach.com\/it\/wp-json\/wp\/v2\/pages\/5962"}],"wp:featuredmedia":[{"embeddable":true,"href":"https:\/\/www.esmach.com\/it\/wp-json\/wp\/v2\/media\/9149"}],"wp:attachment":[{"href":"https:\/\/www.esmach.com\/it\/wp-json\/wp\/v2\/media?parent=9041"}],"curies":[{"name":"wp","href":"https:\/\/api.w.org\/{rel}","templated":true}]}}