{"id":3,"date":"2024-08-28T11:51:19","date_gmt":"2024-08-28T09:51:19","guid":{"rendered":"http:\/\/localhost:8888\/wp_esmach\/?page_id=3"},"modified":"2025-11-17T10:18:16","modified_gmt":"2025-11-17T09:18:16","slug":"privacy-policy","status":"publish","type":"page","link":"https:\/\/www.esmach.com\/it\/privacy-policy\/","title":{"rendered":"Privacy Policy"},"content":{"rendered":"\r\n<p><strong>PERCH\u00c9 QUESTE INFORMAZIONI<\/strong><br \/>Ai sensi del Regolamento (UE) 2016\/679 (di seguito &#8220;Regolamento&#8221;), questa pagina descrive le modalit\u00e0 di trattamento dei dati personali degli utenti che consultano il\/i sito\/i web accessibile\/i per via telematica al seguente indirizzo:<\/p>\r\n<ul>\r\n<li>www.esmach.com<\/li>\r\n<\/ul>\r\n<p>Le presenti informazioni non riguardano altri siti, pagine o servizi online raggiungibili tramite link ipertestuali eventualmente pubblicati nei siti ma riferiti a risorse esterne al dominio di Esmach Ali Group S.r.l. .<\/p>\r\n<p>&nbsp;<\/p>\r\n<p><strong>TITOLARE DEL TRATTAMENTO<br \/><\/strong>A seguito della consultazione dei siti sopra elencati possono essere trattati dati relativi a persone fisiche identificate o identificabili.<br \/>Titolare del trattamento \u00e8\u00a0Esmach Ali Group S.r.l. con sede in Via Vittorio Veneto n. 143, Grisignano di Zocco (VI),<br \/>(Email:\u00a0<a href=\"mailto:info@esmach.com\">info@esmach.com<\/a> , PEC: <a title=\"mailto:esmachali@legalmail.it\" href=\"mailto:esmachali@legalmail.it\" target=\"_blank\" rel=\"noopener\"><span lang=\"EN-US\">esmachali@legalmail.it<\/span><\/a>, centralino 0444 419777).<\/p>\r\n<p><br \/><strong>BASE GIURIDICA DEL TRATTAMENTO<\/strong><br \/>I dati personali indicati in questa pagina sono trattati dal titolare in quanto necessari per la gestione del sito e, sulla base di specifiche informative, ed ove necessario sulla base del consenso, per offrire e svolgere i servizi offerti dal sito stesso.<\/p>\r\n<p><br \/><strong>TIPI DI DATI TRATTATI E FINALIT\u00c0 DEL TRATTAMENTO<\/strong><br \/><em><br \/>Dati di navigazione\u00a0\u00a0<\/em>\u00a0<br \/>I sistemi informatici e le procedure software preposte al funzionamento di questo sito acquisiscono, nel corso del loro normale esercizio, alcuni dati personali la cui trasmissione \u00e8 implicita nell&#8217;uso dei protocolli di comunicazione di Internet.<br \/>In questa categoria di dati rientrano gli indirizzi IP o i nomi a dominio dei computer e dei terminali utilizzati dagli utenti, gli indirizzi in notazione URI\/URL (Uniform Resource Identifier\/Locator) delle risorse richieste, l&#8217;orario della richiesta, il metodo utilizzato nel sottoporre la richiesta al server, la dimensione del file ottenuto in risposta, il codice numerico indicante lo stato della risposta data dal server (buon fine, errore, ecc.) ed altri parametri relativi al sistema operativo e all&#8217;ambiente informatico dell&#8217;utente.<br \/>Tali dati, necessari per la fruizione dei servizi web, vengono anche trattati allo scopo di:<\/p>\r\n<ul>\r\n<li>ottenere informazioni statistiche sull&#8217;uso dei servizi (pagine pi\u00f9 visitate, numero di visitatori per fascia oraria o giornaliera, aree geografiche di provenienza, ecc.);<\/li>\r\n<li>controllare il corretto funzionamento dei servizi offerti.<\/li>\r\n<\/ul>\r\n<p>I dati di navigazione non persistono per pi\u00f9 del tempo necessario a garantire il funzionamento del sito e vengono cancellati immediatamente dopo la loro aggregazione (salve eventuali necessit\u00e0 di accertamento di reati da parte dell&#8217;Autorit\u00e0 giudiziaria).<br \/><em><br \/>Dati comunicati dall&#8217;utente<\/em><br \/>L&#8217;invio facoltativo, esplicito e volontario di messaggi agli indirizzi di contatto, nonch\u00e9 la compilazione e l&#8217;inoltro dei moduli presenti sui siti, comportano l&#8217;acquisizione dei dati di contatto del mittente, necessari a rispondere, nonch\u00e9 di tutti i dati personali inclusi nelle comunicazioni.<br \/>Specifiche informative verranno pubblicate nelle pagine predisposte per l&#8217;erogazione di determinati servizi.<br \/><em><br \/>Cookie e altri sistemi di tracciamento<\/em><br \/>Consultare la\u00a0<strong><a href=\"https:\/\/www.esmach.com\/it\/cookie-policy\/\" target=\"_blank\" rel=\"noopener\">cookie policy<\/a><\/strong>\u00a0dedicata.<\/p>\r\n<p><br \/><strong>DESTINATARI DEI DATI<br \/><\/strong>Possono essere destinatari dei dati raccolti a seguito della consultazione dei siti sopra elencati i soggetti designati, ai sensi dell&#8217;articolo 28 del Regolamento, quali responsabili del trattamento, per lo svolgimento dei servizi di sviluppo, erogazione e gestione operativa delle piattaforme tecnologiche impiegate.<br \/>I dati personali raccolti sono altres\u00ec trattati dal personale del Titolare, che agisce sulla base di specifiche istruzioni fornite in ordine a finalit\u00e0 e modalit\u00e0 del trattamento medesimo.<\/p>\r\n<p><br \/><strong>DIRITTI DEGLI INTERESSATI<\/strong><br \/>Gli interessati hanno il diritto di ottenere, nei casi previsti, l&#8217;accesso ai dati personali e la rettifica o la cancellazione degli stessi o la limitazione del trattamento che li riguarda o di opporsi al trattamento (artt. 15 e ss. del Regolamento). L&#8217;apposita istanza pu\u00f2 essere presentata ai contatti in precedenza indicati<\/p>\r\n<p><br \/><strong>DIRITTO DI RECLAMO<\/strong><br \/>Gli interessati che ritengono che il trattamento dei dati personali a loro riferiti effettuato attraverso questo sito avvenga in violazione di quanto previsto dal Regolamento hanno il diritto di proporre reclamo al Garante, come previsto dall&#8217;art. 77 del Regolamento stesso, o di adire le opportune sedi giudiziarie (art. 79 del Regolamento).<\/p>","protected":false},"excerpt":{"rendered":"<p>PERCH\u00c9 QUESTE INFORMAZIONIAi sensi del Regolamento (UE) 2016\/679 (di seguito &#8220;Regolamento&#8221;), questa pagina descrive le modalit\u00e0 di trattamento dei dati personali degli utenti che consultano il\/i sito\/i web accessibile\/i per via telematica al seguente indirizzo: www.esmach.com Le presenti informazioni non riguardano altri siti, pagine o servizi online raggiungibili tramite link ipertestuali eventualmente pubblicati nei siti [&hellip;]<\/p>\n","protected":false},"author":1,"featured_media":0,"parent":0,"menu_order":49,"comment_status":"closed","ping_status":"open","template":"","meta":{"_acf_changed":false,"inline_featured_image":false,"footnotes":""},"class_list":["post-3","page","type-page","status-publish","hentry"],"acf":[],"yoast_head":"<!-- This site is optimized with the Yoast SEO Premium plugin v23.4 (Yoast SEO v26.9) - https:\/\/yoast.com\/product\/yoast-seo-premium-wordpress\/ -->\n<title>Privacy Policy - Esmach<\/title>\n<meta name=\"robots\" content=\"index, follow, max-snippet:-1, max-image-preview:large, max-video-preview:-1\" \/>\n<link rel=\"canonical\" href=\"https:\/\/www.esmach.com\/it\/privacy-policy\/\" \/>\n<meta property=\"og:locale\" content=\"it_IT\" \/>\n<meta property=\"og:type\" content=\"article\" \/>\n<meta property=\"og:title\" content=\"Privacy Policy\" \/>\n<meta property=\"og:description\" content=\"PERCH\u00c9 QUESTE INFORMAZIONIAi sensi del Regolamento (UE) 2016\/679 (di seguito &#8220;Regolamento&#8221;), questa pagina descrive le modalit\u00e0 di trattamento dei dati personali degli utenti che consultano il\/i sito\/i web accessibile\/i per via telematica al seguente indirizzo: www.esmach.com Le presenti informazioni non riguardano altri siti, pagine o servizi online raggiungibili tramite link ipertestuali eventualmente pubblicati nei siti [&hellip;]\" \/>\n<meta property=\"og:url\" content=\"https:\/\/www.esmach.com\/it\/privacy-policy\/\" \/>\n<meta property=\"og:site_name\" content=\"Esmach\" \/>\n<meta property=\"article:modified_time\" content=\"2025-11-17T09:18:16+00:00\" \/>\n<meta name=\"twitter:card\" content=\"summary_large_image\" \/>\n<meta name=\"twitter:label1\" content=\"Tempo di lettura stimato\" \/>\n\t<meta name=\"twitter:data1\" content=\"4 minuti\" \/>\n<script type=\"application\/ld+json\" class=\"yoast-schema-graph\">{\"@context\":\"https:\/\/schema.org\",\"@graph\":[{\"@type\":\"WebPage\",\"@id\":\"https:\/\/www.esmach.com\/it\/privacy-policy\/\",\"url\":\"https:\/\/www.esmach.com\/it\/privacy-policy\/\",\"name\":\"Privacy Policy - Esmach\",\"isPartOf\":{\"@id\":\"https:\/\/www.esmach.com\/it\/#website\"},\"datePublished\":\"2024-08-28T09:51:19+00:00\",\"dateModified\":\"2025-11-17T09:18:16+00:00\",\"breadcrumb\":{\"@id\":\"https:\/\/www.esmach.com\/it\/privacy-policy\/#breadcrumb\"},\"inLanguage\":\"it-IT\",\"potentialAction\":[{\"@type\":\"ReadAction\",\"target\":[\"https:\/\/www.esmach.com\/it\/privacy-policy\/\"]}]},{\"@type\":\"BreadcrumbList\",\"@id\":\"https:\/\/www.esmach.com\/it\/privacy-policy\/#breadcrumb\",\"itemListElement\":[{\"@type\":\"ListItem\",\"position\":1,\"name\":\"Home\",\"item\":\"https:\/\/www.esmach.com\/it\/\"},{\"@type\":\"ListItem\",\"position\":2,\"name\":\"Privacy Policy\"}]},{\"@type\":\"WebSite\",\"@id\":\"https:\/\/www.esmach.com\/it\/#website\",\"url\":\"https:\/\/www.esmach.com\/it\/\",\"name\":\"Esmach\",\"description\":\"\",\"potentialAction\":[{\"@type\":\"SearchAction\",\"target\":{\"@type\":\"EntryPoint\",\"urlTemplate\":\"https:\/\/www.esmach.com\/it\/?s={search_term_string}\"},\"query-input\":{\"@type\":\"PropertyValueSpecification\",\"valueRequired\":true,\"valueName\":\"search_term_string\"}}],\"inLanguage\":\"it-IT\"}]}<\/script>\n<!-- \/ Yoast SEO Premium plugin. -->","yoast_head_json":{"title":"Privacy Policy - Esmach","robots":{"index":"index","follow":"follow","max-snippet":"max-snippet:-1","max-image-preview":"max-image-preview:large","max-video-preview":"max-video-preview:-1"},"canonical":"https:\/\/www.esmach.com\/it\/privacy-policy\/","og_locale":"it_IT","og_type":"article","og_title":"Privacy Policy","og_description":"PERCH\u00c9 QUESTE INFORMAZIONIAi sensi del Regolamento (UE) 2016\/679 (di seguito &#8220;Regolamento&#8221;), questa pagina descrive le modalit\u00e0 di trattamento dei dati personali degli utenti che consultano il\/i sito\/i web accessibile\/i per via telematica al seguente indirizzo: www.esmach.com Le presenti informazioni non riguardano altri siti, pagine o servizi online raggiungibili tramite link ipertestuali eventualmente pubblicati nei siti [&hellip;]","og_url":"https:\/\/www.esmach.com\/it\/privacy-policy\/","og_site_name":"Esmach","article_modified_time":"2025-11-17T09:18:16+00:00","twitter_card":"summary_large_image","twitter_misc":{"Tempo di lettura stimato":"4 minuti"},"schema":{"@context":"https:\/\/schema.org","@graph":[{"@type":"WebPage","@id":"https:\/\/www.esmach.com\/it\/privacy-policy\/","url":"https:\/\/www.esmach.com\/it\/privacy-policy\/","name":"Privacy Policy - Esmach","isPartOf":{"@id":"https:\/\/www.esmach.com\/it\/#website"},"datePublished":"2024-08-28T09:51:19+00:00","dateModified":"2025-11-17T09:18:16+00:00","breadcrumb":{"@id":"https:\/\/www.esmach.com\/it\/privacy-policy\/#breadcrumb"},"inLanguage":"it-IT","potentialAction":[{"@type":"ReadAction","target":["https:\/\/www.esmach.com\/it\/privacy-policy\/"]}]},{"@type":"BreadcrumbList","@id":"https:\/\/www.esmach.com\/it\/privacy-policy\/#breadcrumb","itemListElement":[{"@type":"ListItem","position":1,"name":"Home","item":"https:\/\/www.esmach.com\/it\/"},{"@type":"ListItem","position":2,"name":"Privacy Policy"}]},{"@type":"WebSite","@id":"https:\/\/www.esmach.com\/it\/#website","url":"https:\/\/www.esmach.com\/it\/","name":"Esmach","description":"","potentialAction":[{"@type":"SearchAction","target":{"@type":"EntryPoint","urlTemplate":"https:\/\/www.esmach.com\/it\/?s={search_term_string}"},"query-input":{"@type":"PropertyValueSpecification","valueRequired":true,"valueName":"search_term_string"}}],"inLanguage":"it-IT"}]}},"_links":{"self":[{"href":"https:\/\/www.esmach.com\/it\/wp-json\/wp\/v2\/pages\/3","targetHints":{"allow":["GET"]}}],"collection":[{"href":"https:\/\/www.esmach.com\/it\/wp-json\/wp\/v2\/pages"}],"about":[{"href":"https:\/\/www.esmach.com\/it\/wp-json\/wp\/v2\/types\/page"}],"author":[{"embeddable":true,"href":"https:\/\/www.esmach.com\/it\/wp-json\/wp\/v2\/users\/1"}],"replies":[{"embeddable":true,"href":"https:\/\/www.esmach.com\/it\/wp-json\/wp\/v2\/comments?post=3"}],"version-history":[{"count":4,"href":"https:\/\/www.esmach.com\/it\/wp-json\/wp\/v2\/pages\/3\/revisions"}],"predecessor-version":[{"id":10943,"href":"https:\/\/www.esmach.com\/it\/wp-json\/wp\/v2\/pages\/3\/revisions\/10943"}],"wp:attachment":[{"href":"https:\/\/www.esmach.com\/it\/wp-json\/wp\/v2\/media?parent=3"}],"curies":[{"name":"wp","href":"https:\/\/api.w.org\/{rel}","templated":true}]}}